{"id":8,"date":"2013-08-25T13:31:51","date_gmt":"2013-08-25T13:31:51","guid":{"rendered":"http:\/\/kyte.wpengine.com\/?page_id=8"},"modified":"2015-11-21T14:40:58","modified_gmt":"2015-11-21T14:40:58","slug":"home","status":"publish","type":"page","link":"https:\/\/mathiasbecker.de\/","title":{"rendered":"Home"},"content":{"rendered":"\t\t\t\t\n\t\t\t\t<!-- START REVOLUTION SLIDER 3.0.95 fullwidth mode -->\n\t\t\t\t\n\t\t\t\t\t\t\t\t\n\t\t\t\t\t\t\t\t<div id=\"rev_slider_1_1_wrapper\" class=\"rev_slider_wrapper fullwidthbanner-container\" style=\"margin:0px auto;background-color:#E9E9E9;padding:0px;margin-top:0px;margin-bottom:0px;max-height:600px;\">\n\t\t\t\t\t<div id=\"rev_slider_1_1\" class=\"rev_slider fullwidthabanner\" style=\"display:none;max-height:600px;height:600;\">\t\t\t\t\t\t\n\t\t\t\t\t\t\t\t\t\t<ul>\n\t\t\t\t\t\t\t\t<li data-transition=\"fade\" data-slotamount=\"7\" data-masterspeed=\"300\" >\n\t\t\t\t\t\t<img decoding=\"async\" src=\"https:\/\/mathiasbecker.de\/wp-mathiasbecker\/wp-content\/uploads\/2015\/11\/LagunaHediondaII.jpg\"  alt=\"LagunaHediondaII\"  data-fullwidthcentering=\"on\">\n\t\t\t\t\t\t\t\t\t\t\t<\/li>\n\t\t\t\t\t\t\t\t\t<li data-transition=\"fade\" data-slotamount=\"7\" data-masterspeed=\"300\" >\n\t\t\t\t\t\t<img decoding=\"async\" src=\"https:\/\/mathiasbecker.de\/wp-mathiasbecker\/wp-content\/uploads\/2015\/11\/IMG_1570-slider.jpg\"  alt=\"IMG_1570-slider\"  data-fullwidthcentering=\"on\">\n\t\t\t\t\t\t\t\t\t\t\t<\/li>\n\t\t\t\t\t\t\t\t\t<li data-transition=\"fade\" data-slotamount=\"7\" data-masterspeed=\"300\" >\n\t\t\t\t\t\t<img decoding=\"async\" src=\"https:\/\/mathiasbecker.de\/wp-mathiasbecker\/wp-content\/uploads\/2015\/11\/IMG_0720-slider.jpg\"  alt=\"IMG_0720-slider\"  data-fullwidthcentering=\"on\">\n\t\t\t\t\t\t\t\t\t\t\t<\/li>\n\t\t\t\t\t\t\t\t<\/ul>\n\t\t\t\t\t\t\t\t\t<div class=\"tp-bannertimer tp-bottom\"><\/div>\t\t\t\t\t<\/div>\n\t\t\t\t<\/div>\t\t\t\t\n\t\t\t\t\t\t\t\n\t\t\t<script type=\"text\/javascript\">\n\n\t\t\t\tvar tpj=jQuery;\n\t\t\t\t\n\t\t\t\t\t\t\t\t\ttpj.noConflict();\n\t\t\t\t\t\t\t\t\n\t\t\t\tvar revapi1;\n\t\t\t\t\n\t\t\t\ttpj(document).ready(function() {\n\t\t\t\t\n\t\t\t\tif (tpj.fn.cssOriginal != undefined)\n\t\t\t\t\ttpj.fn.css = tpj.fn.cssOriginal;\n\t\t\t\t\n\t\t\t\tif(tpj('#rev_slider_1_1').revolution == undefined)\n\t\t\t\t\trevslider_showDoubleJqueryError('#rev_slider_1_1');\n\t\t\t\telse\n\t\t\t\t   revapi1 = tpj('#rev_slider_1_1').show().revolution(\n\t\t\t\t\t{\n\t\t\t\t\t\tdelay:9000,\n\t\t\t\t\t\tstartwidth:1160,\n\t\t\t\t\t\tstartheight:600,\n\t\t\t\t\t\thideThumbs:200,\n\t\t\t\t\t\t\n\t\t\t\t\t\tthumbWidth:100,\n\t\t\t\t\t\tthumbHeight:50,\n\t\t\t\t\t\tthumbAmount:3,\n\t\t\t\t\t\t\n\t\t\t\t\t\tnavigationType:\"bullet\",\n\t\t\t\t\t\tnavigationArrows:\"solo\",\n\t\t\t\t\t\tnavigationStyle:\"round\",\n\t\t\t\t\t\t\n\t\t\t\t\t\ttouchenabled:\"on\",\n\t\t\t\t\t\tonHoverStop:\"on\",\n\t\t\t\t\t\t\n\t\t\t\t\t\tnavigationHAlign:\"center\",\n\t\t\t\t\t\tnavigationVAlign:\"bottom\",\n\t\t\t\t\t\tnavigationHOffset:0,\n\t\t\t\t\t\tnavigationVOffset:20,\n\n\t\t\t\t\t\tsoloArrowLeftHalign:\"left\",\n\t\t\t\t\t\tsoloArrowLeftValign:\"center\",\n\t\t\t\t\t\tsoloArrowLeftHOffset:20,\n\t\t\t\t\t\tsoloArrowLeftVOffset:0,\n\n\t\t\t\t\t\tsoloArrowRightHalign:\"right\",\n\t\t\t\t\t\tsoloArrowRightValign:\"center\",\n\t\t\t\t\t\tsoloArrowRightHOffset:20,\n\t\t\t\t\t\tsoloArrowRightVOffset:0,\n\t\t\t\t\t\t\t\t\n\t\t\t\t\t\tshadow:0,\n\t\t\t\t\t\tfullWidth:\"on\",\n\t\t\t\t\t\tfullScreen:\"off\",\n\n\t\t\t\t\t\tstopLoop:\"off\",\n\t\t\t\t\t\tstopAfterLoops:-1,\n\t\t\t\t\t\tstopAtSlide:-1,\n\n\t\t\t\t\t\tshuffle:\"off\",\n\t\t\t\t\t\t\n\t\t\t\t\t\thideSliderAtLimit:0,\n\t\t\t\t\t\thideCaptionAtLimit:0,\n\t\t\t\t\t\thideAllCaptionAtLilmit:0,\n\t\t\t\t\t\tstartWithSlide:0,\n\t\t\t\t\t\tvideoJsPath:\"https:\/\/mathiasbecker.de\/wp-mathiasbecker\/wp-content\/plugins\/revslider\/rs-plugin\/videojs\/\",\n\t\t\t\t\t\tfullScreenOffsetContainer: \"\"\t\n\t\t\t\t\t});\n\t\t\t\t\n\t\t\t\t});\t\/\/ready\n\t\t\t\t\n\t\t\t<\/script>\n\t\t\t\n\t\t\t\t\t\t\t<!-- END REVOLUTION SLIDER -->\n\t\t\t\t\n","protected":false},"excerpt":{"rendered":"","protected":false},"author":1,"featured_media":983,"parent":0,"menu_order":0,"comment_status":"open","ping_status":"closed","template":"page_home.php","meta":{"jetpack_post_was_ever_published":false,"footnotes":""},"class_list":["post-8","page","type-page","status-publish","has-post-thumbnail","hentry"],"jetpack_sharing_enabled":true,"jetpack_shortlink":"https:\/\/wp.me\/P6P5ZG-8","jetpack-related-posts":[{"id":29,"url":"https:\/\/mathiasbecker.de\/index.php\/home\/unterwegs\/","url_meta":{"origin":8,"position":0},"title":"Unterwegs","author":"post@mathiasbecker.de","date":"August 25, 2013","format":false,"excerpt":"","rel":"","context":"Similar post","block_context":{"text":"Similar post","link":""},"img":{"alt_text":"","src":"","width":0,"height":0},"classes":[]},{"id":44,"url":"https:\/\/mathiasbecker.de\/index.php\/home\/portfolio\/","url_meta":{"origin":8,"position":1},"title":"Portfolio","author":"post@mathiasbecker.de","date":"August 26, 2013","format":false,"excerpt":"","rel":"","context":"Similar post","block_context":{"text":"Similar post","link":""},"img":{"alt_text":"","src":"","width":0,"height":0},"classes":[]},{"id":1496,"url":"https:\/\/mathiasbecker.de\/index.php\/home\/impressum\/","url_meta":{"origin":8,"position":2},"title":"Impressum + Datenschutzerkl\u00e4rung","author":"post@mathiasbecker.de","date":"November 19, 2015","format":false,"excerpt":"","rel":"","context":"Similar post","block_context":{"text":"Similar post","link":""},"img":{"alt_text":"","src":"","width":0,"height":0},"classes":[]},{"id":125,"url":"https:\/\/mathiasbecker.de\/index.php\/home\/kontakt\/","url_meta":{"origin":8,"position":3},"title":"Kontakt","author":"post@mathiasbecker.de","date":"August 27, 2013","format":false,"excerpt":"Was kann ich f\u00fcr Sie tun? F\u00fcr Fotoanfragen, Anregungen und Kritik k\u00f6nnen Sie mich gern kontaktieren. info[at]mathiasbecker[punkt]de \u00a0","rel":"","context":"Similar post","block_context":{"text":"Similar post","link":""},"img":{"alt_text":"","src":"https:\/\/i0.wp.com\/mathiasbecker.de\/wp-mathiasbecker\/wp-content\/uploads\/2013\/08\/IMG_5185.jpg?resize=350%2C200&ssl=1","width":350,"height":200,"srcset":"https:\/\/i0.wp.com\/mathiasbecker.de\/wp-mathiasbecker\/wp-content\/uploads\/2013\/08\/IMG_5185.jpg?resize=350%2C200&ssl=1 1x, https:\/\/i0.wp.com\/mathiasbecker.de\/wp-mathiasbecker\/wp-content\/uploads\/2013\/08\/IMG_5185.jpg?resize=525%2C300&ssl=1 1.5x, https:\/\/i0.wp.com\/mathiasbecker.de\/wp-mathiasbecker\/wp-content\/uploads\/2013\/08\/IMG_5185.jpg?resize=700%2C400&ssl=1 2x, https:\/\/i0.wp.com\/mathiasbecker.de\/wp-mathiasbecker\/wp-content\/uploads\/2013\/08\/IMG_5185.jpg?resize=1050%2C600&ssl=1 3x, https:\/\/i0.wp.com\/mathiasbecker.de\/wp-mathiasbecker\/wp-content\/uploads\/2013\/08\/IMG_5185.jpg?resize=1400%2C800&ssl=1 4x"},"classes":[]},{"id":156,"url":"https:\/\/mathiasbecker.de\/index.php\/font-icons\/","url_meta":{"origin":8,"position":4},"title":"Font Icons","author":"post@mathiasbecker.de","date":"September 3, 2013","format":false,"excerpt":"Icon Code <i class=\"icon-plus\"><\/i> <i class=\"icon-plus-1\"><\/i> <i class=\"icon-minus\"><\/i> <i class=\"icon-minus-1\"><\/i> <i class=\"icon-info\"><\/i> <i class=\"icon-left-thin\"><\/i> <i class=\"icon-left-1\"><\/i> <i class=\"icon-up-thin\"><\/i> <i class=\"icon-up-1\"><\/i> <i class=\"icon-right-thin\"><\/i> <i class=\"icon-right-1\"><\/i> <i class=\"icon-down-thin\"><\/i> <i class=\"icon-down-1\"><\/i> <i class=\"icon-level-up\"><\/i> <i class=\"icon-level-down\"><\/i> <i class=\"icon-switch\"><\/i> <i class=\"icon-infinity\"><\/i> <i class=\"icon-plus-squared\"><\/i> <i class=\"icon-minus-squared\"><\/i> <i class=\"icon-home\"><\/i> <i class=\"icon-home-1\"><\/i> <i class=\"icon-keyboard\"><\/i> <i class=\"icon-erase\"><\/i> <i class=\"icon-pause\"><\/i>\u2026","rel":"","context":"Similar post","block_context":{"text":"Similar post","link":""},"img":{"alt_text":"","src":"","width":0,"height":0},"classes":[]}],"jetpack_likes_enabled":true,"_links":{"self":[{"href":"https:\/\/mathiasbecker.de\/index.php\/wp-json\/wp\/v2\/pages\/8","targetHints":{"allow":["GET"]}}],"collection":[{"href":"https:\/\/mathiasbecker.de\/index.php\/wp-json\/wp\/v2\/pages"}],"about":[{"href":"https:\/\/mathiasbecker.de\/index.php\/wp-json\/wp\/v2\/types\/page"}],"author":[{"embeddable":true,"href":"https:\/\/mathiasbecker.de\/index.php\/wp-json\/wp\/v2\/users\/1"}],"replies":[{"embeddable":true,"href":"https:\/\/mathiasbecker.de\/index.php\/wp-json\/wp\/v2\/comments?post=8"}],"version-history":[{"count":2,"href":"https:\/\/mathiasbecker.de\/index.php\/wp-json\/wp\/v2\/pages\/8\/revisions"}],"predecessor-version":[{"id":1567,"href":"https:\/\/mathiasbecker.de\/index.php\/wp-json\/wp\/v2\/pages\/8\/revisions\/1567"}],"wp:featuredmedia":[{"embeddable":true,"href":"https:\/\/mathiasbecker.de\/index.php\/wp-json\/wp\/v2\/media\/983"}],"wp:attachment":[{"href":"https:\/\/mathiasbecker.de\/index.php\/wp-json\/wp\/v2\/media?parent=8"}],"curies":[{"name":"wp","href":"https:\/\/api.w.org\/{rel}","templated":true}]}}